{"id":37399,"date":"2021-06-14T12:25:22","date_gmt":"2021-06-14T10:25:22","guid":{"rendered":"https:\/\/www.skovdebostader.se\/?page_id=37399"},"modified":"2026-03-13T16:15:06","modified_gmt":"2026-03-13T15:15:06","slug":"var-ligger-studentlagenheten","status":"publish","type":"page","link":"https:\/\/www.skovdebostader.se\/student\/studentbostadsvaljaren","title":{"rendered":"Var ligger studentl\u00e4genheten?"},"content":{"rendered":"\t\t<div data-elementor-type=\"wp-page\" data-elementor-id=\"37399\" class=\"elementor elementor-37399\" data-elementor-post-type=\"page\">\n\t\t\t\t\t\t<section class=\"elementor-section elementor-top-section elementor-element elementor-element-1f1cb0b elementor-section-boxed ang-section-padding-initial elementor-section-height-default elementor-section-height-default elementor-repeater-item-none elementor-repeater-item-none_hover\" data-id=\"1f1cb0b\" data-element_type=\"section\" data-e-type=\"section\">\n\t\t\t\t\t\t<div class=\"elementor-container elementor-column-gap-default\">\n\t\t\t\t\t<div class=\"elementor-column elementor-col-100 elementor-top-column elementor-element elementor-element-e46d1bf elementor-repeater-item-none elementor-repeater-item-none_hover\" data-id=\"e46d1bf\" data-element_type=\"column\" data-e-type=\"column\">\n\t\t\t<div class=\"elementor-widget-wrap elementor-element-populated\">\n\t\t\t\t\t\t<div class=\"elementor-element elementor-element-b6bc2e9 elementor-repeater-item-none elementor-repeater-item-none_hover elementor-widget elementor-widget-heading\" data-id=\"b6bc2e9\" data-element_type=\"widget\" data-e-type=\"widget\" data-widget_type=\"heading.default\">\n\t\t\t\t<div class=\"elementor-widget-container\">\n\t\t\t\t\t<h2 class=\"elementor-heading-title elementor-size-default\">Var ligger studentl\u00e4genheten?<\/h2>\t\t\t\t<\/div>\n\t\t\t\t<\/div>\n\t\t\t\t<div class=\"elementor-element elementor-element-b99511d elementor-repeater-item-none elementor-repeater-item-none_hover elementor-widget elementor-widget-text-editor\" data-id=\"b99511d\" data-element_type=\"widget\" data-e-type=\"widget\" data-widget_type=\"text-editor.default\">\n\t\t\t\t<div class=\"elementor-widget-container\">\n\t\t\t\t\t\t\t\t\t<p>Oavsett om du har full koll p\u00e5 Sk\u00f6vde eller inte s\u00e5 tror vi att du kan ha nytta av bilderna nedan.<\/p><p>H\u00e4r kan du titta p\u00e5 \u00f6versikterna \u00f6ver stan och se var husen ligger. Sen kan du g\u00e5 vidare och klicka p\u00e5 ett hus och d\u00e4r se var i huset den lediga l\u00e4genheten ligger.<\/p><p>Du kan ocks\u00e5 klicka p\u00e5 omr\u00e5desnamnet p\u00e5 sidan f\u00f6r att komma direkt till det omr\u00e5det.<\/p>\t\t\t\t\t\t\t\t<\/div>\n\t\t\t\t<\/div>\n\t\t\t\t\t<\/div>\n\t\t<\/div>\n\t\t\t\t\t<\/div>\n\t\t<\/section>\n\t\t\t\t<section class=\"elementor-section elementor-top-section elementor-element elementor-element-26860fb elementor-section-full_width ang-section-padding-no elementor-section-height-default elementor-section-height-default elementor-repeater-item-none elementor-repeater-item-none_hover\" data-id=\"26860fb\" data-element_type=\"section\" data-e-type=\"section\">\n\t\t\t\t\t\t<div class=\"elementor-container elementor-column-gap-no\">\n\t\t\t\t\t<div class=\"elementor-column elementor-col-100 elementor-top-column elementor-element elementor-element-72a4de2 elementor-repeater-item-none elementor-repeater-item-none_hover\" data-id=\"72a4de2\" data-element_type=\"column\" data-e-type=\"column\">\n\t\t\t<div class=\"elementor-widget-wrap elementor-element-populated\">\n\t\t\t\t\t\t<div class=\"elementor-element elementor-element-396a46d elementor-repeater-item-none elementor-repeater-item-none_hover elementor-widget elementor-widget-html\" data-id=\"396a46d\" data-element_type=\"widget\" data-e-type=\"widget\" data-widget_type=\"html.default\">\n\t\t\t\t<div class=\"elementor-widget-container\">\n\t\t\t\t\t<iframe loading=\"lazy\" src=\"https:\/\/view.wec360.com\/ab-skovdebostader\/studentlagenheter\" width=\"100%\" height=\"900\" frameborder=\"0\" allowfullscreen allow=\"fullscreen; camera; gyroscope; accelerometer; magnetometer\"><\/iframe>\t\t\t\t<\/div>\n\t\t\t\t<\/div>\n\t\t\t\t\t<\/div>\n\t\t<\/div>\n\t\t\t\t\t<\/div>\n\t\t<\/section>\n\t\t\t\t<\/div>\n\t\t","protected":false},"excerpt":{"rendered":"<p>Var ligger studentl\u00e4genheten? Oavsett om du har full koll p\u00e5 Sk\u00f6vde eller inte s\u00e5 tror vi att du kan ha nytta av bilderna nedan. H\u00e4r kan du titta p\u00e5 \u00f6versikterna \u00f6ver stan och se var husen ligger. Sen kan du g\u00e5 vidare och klicka p\u00e5 ett hus och d\u00e4r se var i huset den lediga [&hellip;]<\/p>\n","protected":false},"author":1,"featured_media":0,"parent":0,"menu_order":0,"comment_status":"closed","ping_status":"closed","template":"","meta":{"_acf_changed":false,"_relevanssi_hide_post":"","_relevanssi_hide_content":"","_relevanssi_pin_for_all":"","_relevanssi_pin_keywords":"","_relevanssi_unpin_keywords":"","_relevanssi_related_keywords":"","_relevanssi_related_include_ids":"","_relevanssi_related_exclude_ids":"","_relevanssi_related_no_append":"","_relevanssi_related_not_related":"","_relevanssi_related_posts":"","_relevanssi_noindex_reason":"","footnotes":""},"class_list":["post-37399","page","type-page","status-publish","hentry"],"acf":[],"_links":{"self":[{"href":"https:\/\/www.skovdebostader.se\/student\/wp-json\/wp\/v2\/pages\/37399","targetHints":{"allow":["GET"]}}],"collection":[{"href":"https:\/\/www.skovdebostader.se\/student\/wp-json\/wp\/v2\/pages"}],"about":[{"href":"https:\/\/www.skovdebostader.se\/student\/wp-json\/wp\/v2\/types\/page"}],"author":[{"embeddable":true,"href":"https:\/\/www.skovdebostader.se\/student\/wp-json\/wp\/v2\/users\/1"}],"replies":[{"embeddable":true,"href":"https:\/\/www.skovdebostader.se\/student\/wp-json\/wp\/v2\/comments?post=37399"}],"version-history":[{"count":10,"href":"https:\/\/www.skovdebostader.se\/student\/wp-json\/wp\/v2\/pages\/37399\/revisions"}],"predecessor-version":[{"id":155683,"href":"https:\/\/www.skovdebostader.se\/student\/wp-json\/wp\/v2\/pages\/37399\/revisions\/155683"}],"wp:attachment":[{"href":"https:\/\/www.skovdebostader.se\/student\/wp-json\/wp\/v2\/media?parent=37399"}],"curies":[{"name":"wp","href":"https:\/\/api.w.org\/{rel}","templated":true}]}}