{"id":46734,"date":"2020-11-20T09:23:46","date_gmt":"2020-11-20T08:23:46","guid":{"rendered":"https:\/\/www.skovdebostader.se\/om-skovdebostader\/"},"modified":"2026-03-10T15:44:06","modified_gmt":"2026-03-10T14:44:06","slug":"om-skovdebostader","status":"publish","type":"page","link":"https:\/\/www.skovdebostader.se\/student\/om-skovdebostader\/","title":{"rendered":"Om Sk\u00f6vdebost\u00e4der"},"content":{"rendered":"\t\t<div data-elementor-type=\"wp-page\" data-elementor-id=\"46734\" class=\"elementor elementor-46734 elementor-1121\" data-elementor-post-type=\"page\">\n\t\t\t\t\t\t<main class=\"elementor-section elementor-top-section elementor-element elementor-element-914031d elementor-section-full_width ang-section-padding-no elementor-section-height-default elementor-section-height-default elementor-repeater-item-none elementor-repeater-item-none_hover\" data-id=\"914031d\" data-element_type=\"section\">\n\t\t\t\t\t\t<div class=\"elementor-container elementor-column-gap-no\">\n\t\t\t\t\t<div class=\"elementor-column elementor-col-100 elementor-top-column elementor-element elementor-element-2696ce0 elementor-repeater-item-none elementor-repeater-item-none_hover\" data-id=\"2696ce0\" data-element_type=\"column\">\n\t\t\t<div class=\"elementor-widget-wrap elementor-element-populated\">\n\t\t\t\t\t\t<div class=\"elementor-element elementor-element-9468844 elementor-repeater-item-none elementor-repeater-item-none_hover elementor-widget elementor-widget-heading\" data-id=\"9468844\" data-element_type=\"widget\" data-widget_type=\"heading.default\">\n\t\t\t\t<div class=\"elementor-widget-container\">\n\t\t\t\t\t<div class=\"elementor-heading-title elementor-size-large\">Sk\u00f6vdebost\u00e4der bygger, f\u00f6rvaltar och erbjuder h\u00e5llbara, prisv\u00e4rda hyresbost\u00e4der f\u00f6r alla som vill leva i Sk\u00f6vde. Sk\u00f6vdebost\u00e4der \u00e4gs av Sk\u00f6vde Stadshus AB som i sin tur \u00e4gs av Sk\u00f6vde kommun. <\/div>\t\t\t\t<\/div>\n\t\t\t\t<\/div>\n\t\t\t\t<div class=\"elementor-element elementor-element-b2d6520 elementor-repeater-item-none elementor-repeater-item-none_hover elementor-widget elementor-widget-text-editor\" data-id=\"b2d6520\" data-element_type=\"widget\" data-widget_type=\"text-editor.default\">\n\t\t\t\t<div class=\"elementor-widget-container\">\n\t\t\t\t\t\t\t\t\t<p>Som allm\u00e4nnyttigt bolag kombinerar vi samh\u00e4llsansvar och aff\u00e4rsm\u00e4ssighet. Det inneb\u00e4r att vi tillhandah\u00e5ller trygga och trivsamma boenden f\u00f6r alla i kombination med en stabil ekonomi. Vi arbetar aktivt med fr\u00e5gor kring milj\u00f6, framtid och utveckling med stort hyresg\u00e4stinflytande p\u00e5 alla niv\u00e5er. Vi tar ansvar och g\u00e5r f\u00f6re.<\/p>\n<p>Sk\u00f6vdebost\u00e4der har drygt 5 700 bost\u00e4der av varierande slag och storlekar. Fr\u00e5n centrala sm\u00e5l\u00e4genheter i 1800-talshus till naturn\u00e4ra boende i nybyggda frist\u00e5ende villor. Vi har cirka 120 anst\u00e4llda och arbetar n\u00e4ra v\u00e5ra kunder, f\u00f6r att med deras behov i centrum, erbjuda ett tryggt boende och service i toppklass.<\/p>\n<p>Vi \u00e4r ett bolag som prioriterar att vara kundn\u00e4ra, omt\u00e4nksamma, ambiti\u00f6sa och l\u00e5ngsiktiga. Dessa v\u00e4rderingar \u00e4r v\u00e5r kompass i vardagen. Den p\u00e5verkar hur vi jobbar, hur vi fattar beslut och hur vi bem\u00f6ter m\u00e4nniskor.<\/p>\t\t\t\t\t\t\t\t<\/div>\n\t\t\t\t<\/div>\n\t\t\t\t<div class=\"elementor-element elementor-element-f68f57a elementor-repeater-item-none elementor-repeater-item-none_hover elementor-widget elementor-widget-video\" data-id=\"f68f57a\" data-element_type=\"widget\" data-settings=\"{&quot;youtube_url&quot;:&quot;https:\\\/\\\/www.youtube.com\\\/watch?v=6P95cP6jJDk&quot;,&quot;video_type&quot;:&quot;youtube&quot;,&quot;controls&quot;:&quot;yes&quot;}\" data-widget_type=\"video.default\">\n\t\t\t\t<div class=\"elementor-widget-container\">\n\t\t\t\t\t\t\t<div class=\"elementor-wrapper elementor-open-inline\">\n\t\t\t<div class=\"elementor-video\"><\/div>\t\t<\/div>\n\t\t\t\t\t\t<\/div>\n\t\t\t\t<\/div>\n\t\t\t\t<div class=\"elementor-element elementor-element-05ea786 elementor-repeater-item-none elementor-repeater-item-none_hover elementor-widget elementor-widget-spacer\" data-id=\"05ea786\" data-element_type=\"widget\" data-widget_type=\"spacer.default\">\n\t\t\t\t<div class=\"elementor-widget-container\">\n\t\t\t\t\t\t\t<div class=\"elementor-spacer\">\n\t\t\t<div class=\"elementor-spacer-inner\"><\/div>\n\t\t<\/div>\n\t\t\t\t\t\t<\/div>\n\t\t\t\t<\/div>\n\t\t\t\t<div class=\"elementor-element elementor-element-7c31476 elementor-repeater-item-none elementor-repeater-item-none_hover elementor-widget elementor-widget-heading\" data-id=\"7c31476\" data-element_type=\"widget\" data-widget_type=\"heading.default\">\n\t\t\t\t<div class=\"elementor-widget-container\">\n\t\t\t\t\t<h2 class=\"elementor-heading-title elementor-size-default\">Mer information att ladda ner<\/h2>\t\t\t\t<\/div>\n\t\t\t\t<\/div>\n\t\t\t\t<div class=\"elementor-element elementor-element-b36d632 elementor-icon-list--layout-traditional elementor-list-item-link-full_width elementor-repeater-item-none elementor-repeater-item-none_hover elementor-widget elementor-widget-icon-list\" data-id=\"b36d632\" data-element_type=\"widget\" data-widget_type=\"icon-list.default\">\n\t\t\t\t<div class=\"elementor-widget-container\">\n\t\t\t\t\t\t\t<ul class=\"elementor-icon-list-items\">\n\t\t\t\t\t\t\t<li class=\"elementor-icon-list-item\">\n\t\t\t\t\t\t\t\t\t\t\t<a href=\"https:\/\/www.skovdebostader.se\/wp-content\/uploads\/2026\/03\/skovdebostader-hallbarhet-och-arsredovisning-2025-slutlig.pdf\">\n\n\t\t\t\t\t\t\t\t\t\t\t\t<span class=\"elementor-icon-list-icon\">\n\t\t\t\t\t\t\t<i aria-hidden=\"true\" class=\"fad fa-file-pdf\"><\/i>\t\t\t\t\t\t<\/span>\n\t\t\t\t\t\t\t\t\t\t<span class=\"elementor-icon-list-text\">H\u00e5llbarhetsrapport och \u00e5rsredovisning 2025<\/span>\n\t\t\t\t\t\t\t\t\t\t\t<\/a>\n\t\t\t\t\t\t\t\t\t<\/li>\n\t\t\t\t\t\t\t\t<li class=\"elementor-icon-list-item\">\n\t\t\t\t\t\t\t\t\t\t\t<a href=\"https:\/\/www.skovdebostader.se\/wp-content\/uploads\/2025\/03\/sbo_arsred_hallbarhet_2024_web_v2.pdf\">\n\n\t\t\t\t\t\t\t\t\t\t\t\t<span class=\"elementor-icon-list-icon\">\n\t\t\t\t\t\t\t<i aria-hidden=\"true\" class=\"fad fa-file-pdf\"><\/i>\t\t\t\t\t\t<\/span>\n\t\t\t\t\t\t\t\t\t\t<span class=\"elementor-icon-list-text\">\u00c5rs- och h\u00e5llbarhetsredovisning 2024<\/span>\n\t\t\t\t\t\t\t\t\t\t\t<\/a>\n\t\t\t\t\t\t\t\t\t<\/li>\n\t\t\t\t\t\t\t\t<li class=\"elementor-icon-list-item\">\n\t\t\t\t\t\t\t\t\t\t\t<a href=\"https:\/\/www.skovdebostader.se\/wp-content\/uploads\/2024\/04\/skovdebostader_arsred_2023_web.pdf\">\n\n\t\t\t\t\t\t\t\t\t\t\t\t<span class=\"elementor-icon-list-icon\">\n\t\t\t\t\t\t\t<i aria-hidden=\"true\" class=\"fad fa-file-pdf\"><\/i>\t\t\t\t\t\t<\/span>\n\t\t\t\t\t\t\t\t\t\t<span class=\"elementor-icon-list-text\">\u00c5rs- och h\u00e5llbarhetsredovisning 2023<\/span>\n\t\t\t\t\t\t\t\t\t\t\t<\/a>\n\t\t\t\t\t\t\t\t\t<\/li>\n\t\t\t\t\t\t\t\t<li class=\"elementor-icon-list-item\">\n\t\t\t\t\t\t\t\t\t\t\t<a href=\"https:\/\/www.skovdebostader.se\/wp-content\/uploads\/2020\/11\/riktlinjer-for-kommunikation.pdf\">\n\n\t\t\t\t\t\t\t\t\t\t\t\t<span class=\"elementor-icon-list-icon\">\n\t\t\t\t\t\t\t<i aria-hidden=\"true\" class=\"fad fa-file-pdf\"><\/i>\t\t\t\t\t\t<\/span>\n\t\t\t\t\t\t\t\t\t\t<span class=\"elementor-icon-list-text\">Riktlinjer f\u00f6r kommunikation<\/span>\n\t\t\t\t\t\t\t\t\t\t\t<\/a>\n\t\t\t\t\t\t\t\t\t<\/li>\n\t\t\t\t\t\t\t\t<li class=\"elementor-icon-list-item\">\n\t\t\t\t\t\t\t\t\t\t\t<a href=\"https:\/\/www.skovdebostader.se\/wp-content\/uploads\/2025\/01\/verksamhetspolicy-kvalitet-miljo-och-arbetsmiljo.pdf\">\n\n\t\t\t\t\t\t\t\t\t\t\t\t<span class=\"elementor-icon-list-icon\">\n\t\t\t\t\t\t\t<i aria-hidden=\"true\" class=\"fad fa-file-pdf\"><\/i>\t\t\t\t\t\t<\/span>\n\t\t\t\t\t\t\t\t\t\t<span class=\"elementor-icon-list-text\">Verksamhetspolicy (kvaliet, milj\u00f6 och arbetsmilj\u00f6)<\/span>\n\t\t\t\t\t\t\t\t\t\t\t<\/a>\n\t\t\t\t\t\t\t\t\t<\/li>\n\t\t\t\t\t\t<\/ul>\n\t\t\t\t\t\t<\/div>\n\t\t\t\t<\/div>\n\t\t\t\t\t<\/div>\n\t\t<\/div>\n\t\t\t\t\t<\/div>\n\t\t<\/main>\n\t\t\t\t<\/div>\n\t\t","protected":false},"excerpt":{"rendered":"<p>Sk\u00f6vdebost\u00e4der bygger, f\u00f6rvaltar och erbjuder h\u00e5llbara, prisv\u00e4rda hyresbost\u00e4der f\u00f6r alla som vill leva i Sk\u00f6vde. Sk\u00f6vdebost\u00e4der \u00e4gs av Sk\u00f6vde Stadshus AB som i sin tur \u00e4gs av Sk\u00f6vde kommun. Som allm\u00e4nnyttigt bolag kombinerar vi samh\u00e4llsansvar och aff\u00e4rsm\u00e4ssighet. Det inneb\u00e4r att vi tillhandah\u00e5ller trygga och trivsamma boenden f\u00f6r alla i kombination med en stabil ekonomi. Vi [&hellip;]<\/p>\n","protected":false},"author":1,"featured_media":0,"parent":0,"menu_order":-500,"comment_status":"closed","ping_status":"closed","template":"","meta":{"_acf_changed":false,"_relevanssi_hide_post":"","_relevanssi_hide_content":"","_relevanssi_pin_for_all":"","_relevanssi_pin_keywords":"","_relevanssi_unpin_keywords":"","_relevanssi_related_keywords":"","_relevanssi_related_include_ids":"","_relevanssi_related_exclude_ids":"","_relevanssi_related_no_append":"","_relevanssi_related_not_related":"","_relevanssi_related_posts":"","_relevanssi_noindex_reason":"","footnotes":""},"class_list":["post-46734","page","type-page","status-publish","hentry"],"acf":[],"_links":{"self":[{"href":"https:\/\/www.skovdebostader.se\/student\/wp-json\/wp\/v2\/pages\/46734","targetHints":{"allow":["GET"]}}],"collection":[{"href":"https:\/\/www.skovdebostader.se\/student\/wp-json\/wp\/v2\/pages"}],"about":[{"href":"https:\/\/www.skovdebostader.se\/student\/wp-json\/wp\/v2\/types\/page"}],"author":[{"embeddable":true,"href":"https:\/\/www.skovdebostader.se\/student\/wp-json\/wp\/v2\/users\/1"}],"replies":[{"embeddable":true,"href":"https:\/\/www.skovdebostader.se\/student\/wp-json\/wp\/v2\/comments?post=46734"}],"version-history":[{"count":36,"href":"https:\/\/www.skovdebostader.se\/student\/wp-json\/wp\/v2\/pages\/46734\/revisions"}],"predecessor-version":[{"id":155621,"href":"https:\/\/www.skovdebostader.se\/student\/wp-json\/wp\/v2\/pages\/46734\/revisions\/155621"}],"wp:attachment":[{"href":"https:\/\/www.skovdebostader.se\/student\/wp-json\/wp\/v2\/media?parent=46734"}],"curies":[{"name":"wp","href":"https:\/\/api.w.org\/{rel}","templated":true}]}}