{"id":46738,"date":"2021-01-21T14:05:40","date_gmt":"2021-01-21T13:05:40","guid":{"rendered":"https:\/\/www.skovdebostader.se\/in-english\/"},"modified":"2023-07-10T13:35:17","modified_gmt":"2023-07-10T11:35:17","slug":"in-english","status":"publish","type":"page","link":"https:\/\/www.skovdebostader.se\/student\/in-english\/","title":{"rendered":"In English"},"content":{"rendered":"\t\t<div data-elementor-type=\"wp-page\" data-elementor-id=\"46738\" class=\"elementor elementor-46738 elementor-5880\" data-elementor-post-type=\"page\">\n\t\t\t\t\t\t<main class=\"elementor-section elementor-top-section elementor-element elementor-element-e11f8b1 elementor-section-boxed ang-section-padding-initial elementor-section-height-default elementor-section-height-default elementor-repeater-item-none elementor-repeater-item-none_hover\" data-id=\"e11f8b1\" data-element_type=\"section\" id=\"content\" lang=\"en-US\">\n\t\t\t\t\t\t<div class=\"elementor-container elementor-column-gap-default\">\n\t\t\t\t\t<div class=\"elementor-column elementor-col-100 elementor-top-column elementor-element elementor-element-b205a6e elementor-repeater-item-none elementor-repeater-item-none_hover\" data-id=\"b205a6e\" data-element_type=\"column\">\n\t\t\t<div class=\"elementor-widget-wrap elementor-element-populated\">\n\t\t\t\t\t\t<div class=\"elementor-element elementor-element-6caaaf4 elementor-repeater-item-none elementor-repeater-item-none_hover elementor-widget elementor-widget-heading\" data-id=\"6caaaf4\" data-element_type=\"widget\" data-widget_type=\"heading.default\">\n\t\t\t\t<div class=\"elementor-widget-container\">\n\t\t\t\t\t<h1 class=\"elementor-heading-title elementor-size-xl\">Searching for an apartment?<\/h1>\t\t\t\t<\/div>\n\t\t\t\t<\/div>\n\t\t\t\t<div class=\"elementor-element elementor-element-fbdb25d elementor-repeater-item-none elementor-repeater-item-none_hover elementor-widget elementor-widget-text-editor\" data-id=\"fbdb25d\" data-element_type=\"widget\" data-widget_type=\"text-editor.default\">\n\t\t\t\t<div class=\"elementor-widget-container\">\n\t\t\t\t\t\t\t\t\t<p>With\u00a05000 apartments, all rental, AB Sk\u00f6vdebost\u00e4der is the largest landlord in Sk\u00f6vde.<\/p><p>Welcome to explore our apartments which together represent a wide variety. From central to quiet locations close to nature. From small to large, with old world charm as well as newly built and modern. Comfortable student apartments, conveniently located close to University of Sk\u00f6vde. All always at a high standard and good opportunities for you as a tenant to find an apartment that suit your needs.<\/p><p>Most of our ordinary apartments are distributed through our housing queue, note that <strong>our student apartments have a<\/strong> <strong>separate queue system<\/strong>.<\/p>\t\t\t\t\t\t\t\t<\/div>\n\t\t\t\t<\/div>\n\t\t\t\t<div class=\"elementor-element elementor-element-87ab0ba elementor-repeater-item-none elementor-repeater-item-none_hover elementor-widget elementor-widget-button\" data-id=\"87ab0ba\" data-element_type=\"widget\" data-widget_type=\"button.default\">\n\t\t\t\t<div class=\"elementor-widget-container\">\n\t\t\t\t\t\t\t\t\t<div class=\"elementor-button-wrapper\">\n\t\t\t\t\t<a class=\"elementor-button elementor-button-link elementor-size-sm\" href=\"https:\/\/www.skovdebostader.se\/how-to-apply-for-student-housing\">\n\t\t\t\t\t\t<span class=\"elementor-button-content-wrapper\">\n\t\t\t\t\t\t\t\t\t<span class=\"elementor-button-text\">How to apply for student housing<\/span>\n\t\t\t\t\t<\/span>\n\t\t\t\t\t<\/a>\n\t\t\t\t<\/div>\n\t\t\t\t\t\t\t\t<\/div>\n\t\t\t\t<\/div>\n\t\t\t\t<div class=\"elementor-element elementor-element-571288b elementor-repeater-item-none elementor-repeater-item-none_hover elementor-widget elementor-widget-button\" data-id=\"571288b\" data-element_type=\"widget\" data-widget_type=\"button.default\">\n\t\t\t\t<div class=\"elementor-widget-container\">\n\t\t\t\t\t\t\t\t\t<div class=\"elementor-button-wrapper\">\n\t\t\t\t\t<a class=\"elementor-button elementor-button-link elementor-size-sm\" href=\"https:\/\/www.skovdebostader.se\/subletting\">\n\t\t\t\t\t\t<span class=\"elementor-button-content-wrapper\">\n\t\t\t\t\t\t\t\t\t<span class=\"elementor-button-text\">Subletting your apartment<\/span>\n\t\t\t\t\t<\/span>\n\t\t\t\t\t<\/a>\n\t\t\t\t<\/div>\n\t\t\t\t\t\t\t\t<\/div>\n\t\t\t\t<\/div>\n\t\t\t\t<div class=\"elementor-element elementor-element-812b0d1 elementor-widget-divider--view-line elementor-repeater-item-none elementor-repeater-item-none_hover elementor-widget elementor-widget-divider\" data-id=\"812b0d1\" data-element_type=\"widget\" data-widget_type=\"divider.default\">\n\t\t\t\t<div class=\"elementor-widget-container\">\n\t\t\t\t\t\t\t<div class=\"elementor-divider\">\n\t\t\t<span class=\"elementor-divider-separator\">\n\t\t\t\t\t\t<\/span>\n\t\t<\/div>\n\t\t\t\t\t\t<\/div>\n\t\t\t\t<\/div>\n\t\t\t\t<div class=\"elementor-element elementor-element-bcb4c78 elementor-repeater-item-none elementor-repeater-item-none_hover elementor-widget elementor-widget-heading\" data-id=\"bcb4c78\" data-element_type=\"widget\" data-widget_type=\"heading.default\">\n\t\t\t\t<div class=\"elementor-widget-container\">\n\t\t\t\t\t<h2 class=\"elementor-heading-title elementor-size-default\">Contact us<\/h2>\t\t\t\t<\/div>\n\t\t\t\t<\/div>\n\t\t\t\t<div class=\"elementor-element elementor-element-c9815e7 elementor-repeater-item-none elementor-repeater-item-none_hover elementor-widget elementor-widget-text-editor\" data-id=\"c9815e7\" data-element_type=\"widget\" data-widget_type=\"text-editor.default\">\n\t\t\t\t<div class=\"elementor-widget-container\">\n\t\t\t\t\t\t\t\t\t<p>As our website is not yet available in English in its entirety, please use a translator to fully understand the information. If you have questions, you can email the Customer Service or the Rental Department.<\/p>\t\t\t\t\t\t\t\t<\/div>\n\t\t\t\t<\/div>\n\t\t\t\t<div class=\"elementor-element elementor-element-c0478ca elementor-repeater-item-none elementor-repeater-item-none_hover elementor-widget elementor-widget-heading\" data-id=\"c0478ca\" data-element_type=\"widget\" data-widget_type=\"heading.default\">\n\t\t\t\t<div class=\"elementor-widget-container\">\n\t\t\t\t\t<h4 class=\"elementor-heading-title elementor-size-default\">Customer Service<\/h4>\t\t\t\t<\/div>\n\t\t\t\t<\/div>\n\t\t\t\t<div class=\"elementor-element elementor-element-f684cd9 elementor-repeater-item-none elementor-repeater-item-none_hover elementor-widget elementor-widget-text-editor\" data-id=\"f684cd9\" data-element_type=\"widget\" data-widget_type=\"text-editor.default\">\n\t\t\t\t<div class=\"elementor-widget-container\">\n\t\t\t\t\t\t\t\t\t<p><a href=\"mailto:info@skovdebostader.se\">info@skovdebostader.se<\/a><br \/>Visiting address: Drottninggatan 2 A, Sk\u00f6vde, Sweden<\/p>\t\t\t\t\t\t\t\t<\/div>\n\t\t\t\t<\/div>\n\t\t\t\t<div class=\"elementor-element elementor-element-4ae2e07 elementor-repeater-item-none elementor-repeater-item-none_hover elementor-widget elementor-widget-heading\" data-id=\"4ae2e07\" data-element_type=\"widget\" data-widget_type=\"heading.default\">\n\t\t\t\t<div class=\"elementor-widget-container\">\n\t\t\t\t\t<h4 class=\"elementor-heading-title elementor-size-default\">Sk\u00f6vdebost\u00e4der Student Information<\/h4>\t\t\t\t<\/div>\n\t\t\t\t<\/div>\n\t\t\t\t<div class=\"elementor-element elementor-element-66324db elementor-repeater-item-none elementor-repeater-item-none_hover elementor-widget elementor-widget-text-editor\" data-id=\"66324db\" data-element_type=\"widget\" data-widget_type=\"text-editor.default\">\n\t\t\t\t<div class=\"elementor-widget-container\">\n\t\t\t\t\t\t\t\t\t<p>Rental Department<br \/><a href=\"mailto:maria.bunyemen@skovdebostader.se\">uthyrning@skovdebostader.se\u00a0<\/a><\/p>\t\t\t\t\t\t\t\t<\/div>\n\t\t\t\t<\/div>\n\t\t\t\t<div class=\"elementor-element elementor-element-72d2732 external_elementor-repeater-item-none_external elementor-repeater-item-none elementor-repeater-item-none_hover elementor-widget elementor-widget-image\" data-id=\"72d2732\" data-element_type=\"widget\" data-widget_type=\"image.default\">\n\t\t\t\t<div class=\"elementor-widget-container\">\n\t\t\t\t\t\t\t\t\t\t\t\t\t\t\t<webien-image class=\" has-thumb ratio-original\">\r\n\t<img loading=\"lazy\" decoding=\"async\" src=\"https:\/\/c1.webien.cloud\/pixel.webp\" width=\"1700\" height=\"1150\" data-srcset=\"https:\/\/www.skovdebostader.se\/wp-content\/uploads\/2023\/01\/kundtjanst.png\" data-original=\"https:\/\/www.skovdebostader.se\/wp-content\/uploads\/2023\/01\/kundtjanst.png\" data-optimize=\"1\" data-useoriginal=\"0\" data-ratio=\"none\" data-sizes=\"auto\" data-focus=\"attention\" class=\"main lazyload\" title=\"Kundtj\u00e4nst\" alt=\"Elina med h\u00f6rlurar framf\u00f6r datorn\" \/>\r\n\t\r\n\t<img loading=\"lazy\" decoding=\"async\" width=\"1700\" height=\"1150\" src=\"https:\/\/wrooom.webien.io\/eyJpbWFnZVVybCI6Imh0dHBzOi8vd3d3LnNrb3ZkZWJvc3RhZGVyLnNlL3dwLWNvbnRlbnQvdXBsb2Fkcy8yMDIzLzAxL2t1bmR0amFuc3QucG5nIiwicHVibGljS2V5Ijoibm9LZXkiLCJlZGl0cyI6eyJyZXNpemUiOnsid2lkdGgiOjE1MCwiaGVpZ2h0IjoxNTAsImZpdCI6Imluc2lkZSIsInBvc2l0aW9uIjoiYXR0ZW50aW9uIiwid2l0aG91dEVubGFyZ2VtZW50Ijp0cnVlfSwiYmx1ciI6M319\" class=\"thumb\" \/>\r\n\t<\/webien-image>\t\t\t\t\t\t\t\t\t\t\t\t\t\t\t<\/div>\n\t\t\t\t<\/div>\n\t\t\t\t\t<\/div>\n\t\t<\/div>\n\t\t\t\t\t<\/div>\n\t\t<\/main>\n\t\t\t\t<\/div>\n\t\t","protected":false},"excerpt":{"rendered":"<p>Searching for an apartment? With\u00a05000 apartments, all rental, AB Sk\u00f6vdebost\u00e4der is the largest landlord in Sk\u00f6vde. Welcome to explore our apartments which together represent a wide variety. From central to quiet locations close to nature. From small to large, with old world charm as well as newly built and modern. Comfortable student apartments, conveniently located [&hellip;]<\/p>\n","protected":false},"author":1,"featured_media":0,"parent":0,"menu_order":0,"comment_status":"closed","ping_status":"closed","template":"","meta":{"_acf_changed":false,"_relevanssi_hide_post":"","_relevanssi_hide_content":"","_relevanssi_pin_for_all":"","_relevanssi_pin_keywords":"","_relevanssi_unpin_keywords":"","_relevanssi_related_keywords":"","_relevanssi_related_include_ids":"","_relevanssi_related_exclude_ids":"","_relevanssi_related_no_append":"","_relevanssi_related_not_related":"","_relevanssi_related_posts":"","_relevanssi_noindex_reason":"","footnotes":""},"class_list":["post-46738","page","type-page","status-publish","hentry"],"acf":[],"_links":{"self":[{"href":"https:\/\/www.skovdebostader.se\/student\/wp-json\/wp\/v2\/pages\/46738","targetHints":{"allow":["GET"]}}],"collection":[{"href":"https:\/\/www.skovdebostader.se\/student\/wp-json\/wp\/v2\/pages"}],"about":[{"href":"https:\/\/www.skovdebostader.se\/student\/wp-json\/wp\/v2\/types\/page"}],"author":[{"embeddable":true,"href":"https:\/\/www.skovdebostader.se\/student\/wp-json\/wp\/v2\/users\/1"}],"replies":[{"embeddable":true,"href":"https:\/\/www.skovdebostader.se\/student\/wp-json\/wp\/v2\/comments?post=46738"}],"version-history":[{"count":30,"href":"https:\/\/www.skovdebostader.se\/student\/wp-json\/wp\/v2\/pages\/46738\/revisions"}],"predecessor-version":[{"id":93736,"href":"https:\/\/www.skovdebostader.se\/student\/wp-json\/wp\/v2\/pages\/46738\/revisions\/93736"}],"wp:attachment":[{"href":"https:\/\/www.skovdebostader.se\/student\/wp-json\/wp\/v2\/media?parent=46738"}],"curies":[{"name":"wp","href":"https:\/\/api.w.org\/{rel}","templated":true}]}}