{"id":76789,"date":"2021-02-17T23:58:57","date_gmt":"2021-02-17T22:58:57","guid":{"rendered":"https:\/\/www.skovdebostader.se\/sa-funkar-studentbostadskon\/"},"modified":"2025-02-21T16:49:11","modified_gmt":"2025-02-21T15:49:11","slug":"sa-funkar-studentbostadskon","status":"publish","type":"page","link":"https:\/\/www.skovdebostader.se\/student\/sok-ledigt\/sa-funkar-studentbostadskon","title":{"rendered":"S\u00e5 funkar studentbostadsk\u00f6n"},"content":{"rendered":"\t\t<div data-elementor-type=\"wp-page\" data-elementor-id=\"76789\" class=\"elementor elementor-76789 elementor-22194\" data-elementor-post-type=\"page\">\n\t\t\t\t\t\t<section class=\"elementor-section elementor-top-section elementor-element elementor-element-ae1eee0 elementor-section-content-top elementor-section-boxed ang-section-padding-initial elementor-section-height-default elementor-section-height-default elementor-repeater-item-none elementor-repeater-item-none_hover\" data-id=\"ae1eee0\" data-element_type=\"section\" data-e-type=\"section\">\n\t\t\t\t\t\t<div class=\"elementor-container elementor-column-gap-default\">\n\t\t\t\t\t<main class=\"elementor-column elementor-col-50 elementor-top-column elementor-element elementor-element-617bccc elementor-repeater-item-none elementor-repeater-item-none_hover\" data-id=\"617bccc\" data-element_type=\"column\" data-e-type=\"column\">\n\t\t\t<div class=\"elementor-widget-wrap elementor-element-populated\">\n\t\t\t\t\t\t<div class=\"elementor-element elementor-element-6848f40 elementor-repeater-item-none elementor-repeater-item-none_hover elementor-widget elementor-widget-global elementor-global-8302 elementor-widget-webien_breadcrumbs\" data-id=\"6848f40\" data-element_type=\"widget\" data-e-type=\"widget\" data-widget_type=\"webien_breadcrumbs.default\">\n\t\t\t\t<div class=\"elementor-widget-container\">\n\t\t\t\t\t<script type=\"application\/ld+json\">{\"@context\":\"https:\/\/schema.org\",\"@type\":\"BreadcrumbList\",\"itemListElement\":[{\"@type\":\"ListItem\",\"position\":1,\"item\":{\"@id\":\"https:\/\/www.skovdebostader.se\/student\/sok-ledigt\/sa-funkar-studentbostadskon\",\"name\":\"S\u00e5 funkar studentbostadsk\u00f6n\"}}]}<\/script>    <div class=\"breadcrumb-wrapper\">\n        <ul class=\"breadcrumbs\" id=\"breadcrumbs\">\n                                                                        <li class=\"item current\">\n                                            <a href=\"https:\/\/www.skovdebostader.se\/student\/sok-ledigt\/sa-funkar-studentbostadskon\">S\u00e5 funkar studentbostadsk\u00f6n<\/a>\n                                            <\/li>\n                                    <\/ul>\n\n            <\/div>\n\t\t\t\t<\/div>\n\t\t\t\t<\/div>\n\t\t\t\t<div class=\"elementor-element elementor-element-75169ef elementor-repeater-item-none elementor-repeater-item-none_hover elementor-widget elementor-widget-heading\" data-id=\"75169ef\" data-element_type=\"widget\" data-e-type=\"widget\" data-widget_type=\"heading.default\">\n\t\t\t\t<div class=\"elementor-widget-container\">\n\t\t\t\t\t<h1 class=\"elementor-heading-title elementor-size-default\">S\u00e5 fungerar studentbostadsk\u00f6n<\/h1>\t\t\t\t<\/div>\n\t\t\t\t<\/div>\n\t\t\t\t<div class=\"elementor-element elementor-element-f8b27bc elementor-repeater-item-none elementor-repeater-item-none_hover elementor-widget elementor-widget-text-editor\" data-id=\"f8b27bc\" data-element_type=\"widget\" data-e-type=\"widget\" data-widget_type=\"text-editor.default\">\n\t\t\t\t<div class=\"elementor-widget-container\">\n\t\t\t\t\t\t\t\t\t<p>Sk\u00f6vdebost\u00e4ders studentl\u00e4genheter hyrs ut via en s\u00e4rskild studentbostadsk\u00f6 och endast till personer som \u00e4r <strong>antagna vid H\u00f6gskolan i Sk\u00f6vde<\/strong>. F\u00f6r att f\u00e5 skriva och inneha ett studentbostadskontrakt hos Sk\u00f6vdebost\u00e4der m\u00e5ste du ha f\u00e5tt ditt antagningsbesked p\u00e5 minst 15 h\u00f6gskolepo\u00e4ng per termin. Om du ans\u00f6kt men \u00e4nnu inte blivit antagen kan du d\u00e4rmed inte skriva kontrakt.\u00a0<\/p><p>Du som \u00e4r intresserad av att hyra en studentl\u00e4genhet m\u00e5ste ha en aktiv intresseanm\u00e4lan i v\u00e5r studentbostadsk\u00f6, detta g\u00e4ller \u00e4ven om du redan bor hos Sk\u00f6vdebost\u00e4der. Du kan st\u00e4lla dig i studentbostadsk\u00f6n fr\u00e5n det \u00e5r du fyller 15 \u00e5r. Du st\u00e4ller dig i k\u00f6n och hanterar ditt bostadss\u00f6kande inloggad via <a href=\"https:\/\/minasidor.skovdebostader.se\/mina-sidor\/logga-in\">Mina sidor.<\/a><\/p>\t\t\t\t\t\t\t\t<\/div>\n\t\t\t\t<\/div>\n\t\t\t\t<div class=\"elementor-element elementor-element-bf7ba66 elementor-repeater-item-none elementor-repeater-item-none_hover elementor-widget elementor-widget-heading\" data-id=\"bf7ba66\" data-element_type=\"widget\" data-e-type=\"widget\" data-widget_type=\"heading.default\">\n\t\t\t\t<div class=\"elementor-widget-container\">\n\t\t\t\t\t<h2 class=\"elementor-heading-title elementor-size-medium\">St\u00e4ll dig i studentbostadsk\u00f6n<\/h2>\t\t\t\t<\/div>\n\t\t\t\t<\/div>\n\t\t\t\t<div class=\"elementor-element elementor-element-a72149c elementor-repeater-item-none elementor-repeater-item-none_hover elementor-widget elementor-widget-text-editor\" data-id=\"a72149c\" data-element_type=\"widget\" data-e-type=\"widget\" data-widget_type=\"text-editor.default\">\n\t\t\t\t<div class=\"elementor-widget-container\">\n\t\t\t\t\t\t\t\t\t<p>K\u00f6tiden r\u00e4knas fr\u00e5n den dag du g\u00f6r din intresseanm\u00e4lan och du kan st\u00e4lla dig i k\u00f6n n\u00e4r som helst fr\u00e5n det \u00e5r du fyller 15. F\u00f6r att kunna s\u00f6ka studentbostad ska du vara max 54 \u00e5r.\u00a0<\/p><p>F\u00f6r varje dag i bostadsk\u00f6n f\u00e5r du en po\u00e4ng, efter till exempel ett \u00e5r i k\u00f6n har du sparat ihop 365 po\u00e4ng. Det finns inget annat s\u00e4tt att skaffa sig fler po\u00e4ng. Po\u00e4ngen \u00e4r personliga och kan inte \u00f6verl\u00e5tas eller l\u00e4ggas ihop med n\u00e5gon annans po\u00e4ng.<\/p><p>Du m\u00e5ste uppdatera din intresseanm\u00e4lan en g\u00e5ng per \u00e5r f\u00f6r att inte f\u00f6rsvinna ur k\u00f6n. Det g\u00f6r du genom att logga in p\u00e5 Mina sidor, \u00f6ppna Intresseanm\u00e4lan student, kolla igenom uppgifterna och spara.<\/p>\t\t\t\t\t\t\t\t<\/div>\n\t\t\t\t<\/div>\n\t\t\t\t<div class=\"elementor-element elementor-element-419310b elementor-repeater-item-none elementor-repeater-item-none_hover elementor-widget elementor-widget-button\" data-id=\"419310b\" data-element_type=\"widget\" data-e-type=\"widget\" data-widget_type=\"button.default\">\n\t\t\t\t<div class=\"elementor-widget-container\">\n\t\t\t\t\t\t\t\t\t<div class=\"elementor-button-wrapper\">\n\t\t\t\t\t<a class=\"elementor-button elementor-button-link elementor-size-sm\" href=\"https:\/\/minasidor.skovdebostader.se\/mina-sidor\/registreringstyp\">\n\t\t\t\t\t\t<span class=\"elementor-button-content-wrapper\">\n\t\t\t\t\t\t\t\t\t<span class=\"elementor-button-text\">Registrera dig i v\u00e5r studentbostadsk\u00f6<\/span>\n\t\t\t\t\t<\/span>\n\t\t\t\t\t<\/a>\n\t\t\t\t<\/div>\n\t\t\t\t\t\t\t\t<\/div>\n\t\t\t\t<\/div>\n\t\t\t\t<div class=\"elementor-element elementor-element-cd91425 elementor-repeater-item-none elementor-repeater-item-none_hover elementor-widget elementor-widget-spacer\" data-id=\"cd91425\" data-element_type=\"widget\" data-e-type=\"widget\" data-widget_type=\"spacer.default\">\n\t\t\t\t<div class=\"elementor-widget-container\">\n\t\t\t\t\t\t\t<div class=\"elementor-spacer\">\n\t\t\t<div class=\"elementor-spacer-inner\"><\/div>\n\t\t<\/div>\n\t\t\t\t\t\t<\/div>\n\t\t\t\t<\/div>\n\t\t\t\t<div class=\"elementor-element elementor-element-cb20111 elementor-repeater-item-none elementor-repeater-item-none_hover elementor-widget elementor-widget-heading\" data-id=\"cb20111\" data-element_type=\"widget\" data-e-type=\"widget\" data-widget_type=\"heading.default\">\n\t\t\t\t<div class=\"elementor-widget-container\">\n\t\t\t\t\t<h2 class=\"elementor-heading-title elementor-size-medium\">Anm\u00e4l intresse och prioritera \u00f6nskade l\u00e4genheter<\/h2>\t\t\t\t<\/div>\n\t\t\t\t<\/div>\n\t\t\t\t<div class=\"elementor-element elementor-element-9ef13ce elementor-repeater-item-none elementor-repeater-item-none_hover elementor-widget elementor-widget-text-editor\" data-id=\"9ef13ce\" data-element_type=\"widget\" data-e-type=\"widget\" data-widget_type=\"text-editor.default\">\n\t\t\t\t<div class=\"elementor-widget-container\">\n\t\t\t\t\t\t\t\t\t<p>I m\u00e5n av tillg\u00e5ng publiceras uppsagda studentl\u00e4genheter normalt en g\u00e5ng per vecka p\u00e5 v\u00e5r hemsida. Notera att det kan f\u00f6rekomma veckor n\u00e4r inga studentl\u00e4genheter annonseras. Du kan skapa en mejlbevakning s\u00e5 riskerar du inte att missa n\u00e4r l\u00e4genheter som intresserar dig annonseras ut. Publiceringen av en uthyrningsomg\u00e5ng varar i minst fyra dagar och under denna tid kan du via Mina sidor <strong>anm\u00e4la intresse f\u00f6r alla de annonserade studentl\u00e4genheter du \u00e4r intresserad<\/strong> av i denna omg\u00e5ng. Du kan samtidigt <strong>prioritera <\/strong>i vilken ordning du \u00e4r intresserad av dessa l\u00e4genheter.<\/p><p>Om du har l\u00e4ngst k\u00f6tid p\u00e5 en eller flera studentl\u00e4genheter du anm\u00e4lt intresse f\u00f6r f\u00e5r du erbjudande p\u00e5 den l\u00e4genhet du <strong>prioriterat h\u00f6gst.<\/strong> <strong>Du kan endast f\u00e5 ett erbjudande i taget.<\/strong> Detta skickas normalt via e-post men g\u00e5r ocks\u00e5 att se p\u00e5 Mina sidor. Tackar du nej till detta erbjudande kommer du inte att f\u00e5 n\u00e5got nytt erbjudande fr\u00e5n samma uthyrningsomg\u00e5ng &#8211; \u00e4ven om du st\u00e5r som nummer ett p\u00e5 en annan l\u00e4genhet. Anm\u00e4l d\u00e4rf\u00f6r intresse endast f\u00f6r de l\u00e4genheter du verkligen \u00e4r intresserad av.<\/p><p>Ditt svar p\u00e5 l\u00e4genhetserbjudandet ska normalt <strong>l\u00e4mnas inom tre dagar<\/strong>. Till exempel, f\u00e5r du ett erbjudande p\u00e5 en tisdag ska du ge ditt svar p\u00e5 torsdag samma vecka. Enklast svarar du via Mina sidor. Vid Nej tack eller om svar inte l\u00e4mnas inom angiven svarstid, skickas erbjudandet vidare till n\u00e4sta person p\u00e5 tur.<\/p><p>E-post kan ibland vara ett os\u00e4kert s\u00e4tt att kommunicera. Enstaka mejl kan fastna i spamfiltret i din inkorg beroende p\u00e5 vilken e-postleverant\u00f6r du anv\u00e4nder och vilka inst\u00e4llningar den har. Sk\u00f6vdebost\u00e4der rekommenderar d\u00e4rf\u00f6r att du regelbundet loggar in p\u00e5 Mina sidor f\u00f6r att anm\u00e4la intresse f\u00f6r eventuella utannonserade l\u00e4genheter eller svara p\u00e5 erbjudanden. Kom ih\u00e5g att det f\u00f6rst och fr\u00e4mst \u00e4r ditt eget ansvar att svara i tid.<\/p><p>Om du vid tre tillf\u00e4llen l\u00e5ter bli att svara p\u00e5 erbjudanden <strong>blir du sp\u00e4rrad fr\u00e5n m\u00f6jligheten att anm\u00e4la intresse<\/strong> p\u00e5 nya l\u00e4genheter. Sp\u00e4rren g\u00e4ller under 6 m\u00e5nader.<\/p>\t\t\t\t\t\t\t\t<\/div>\n\t\t\t\t<\/div>\n\t\t\t\t<div class=\"elementor-element elementor-element-7e960e5 elementor-repeater-item-none elementor-repeater-item-none_hover elementor-widget elementor-widget-heading\" data-id=\"7e960e5\" data-element_type=\"widget\" data-e-type=\"widget\" data-widget_type=\"heading.default\">\n\t\t\t\t<div class=\"elementor-widget-container\">\n\t\t\t\t\t<h2 class=\"elementor-heading-title elementor-size-medium\">Antagen p\u00e5 H\u00f6gskolan i Sk\u00f6vde?\n<\/h2>\t\t\t\t<\/div>\n\t\t\t\t<\/div>\n\t\t\t\t<div class=\"elementor-element elementor-element-e31dd60 elementor-repeater-item-none elementor-repeater-item-none_hover elementor-widget elementor-widget-text-editor\" data-id=\"e31dd60\" data-element_type=\"widget\" data-e-type=\"widget\" data-widget_type=\"text-editor.default\">\n\t\t\t\t<div class=\"elementor-widget-container\">\n\t\t\t\t\t\t\t\t\t<p>Ett aktuellt <strong>antagningsbesked till H\u00f6gskolan i Sk\u00f6vde<\/strong> m\u00e5ste finnas f\u00f6r att f\u00e5 skriva och inneha ett studentbostadskontrakt hos Sk\u00f6vdebost\u00e4der. Du m\u00e5ste vara antagen p\u00e5 minst 15 h\u00f6gskolepo\u00e4ng per termin. Om du ans\u00f6kt men \u00e4nnu inte blivit antagen kan du d\u00e4rmed inte skriva kontrakt. N\u00e4r du skriver kontrakt <strong>nollst\u00e4lls k\u00f6tiden<\/strong> f\u00f6r din intresseanm\u00e4lan i studentbostadsk\u00f6n. Du kan inte heller s\u00f6ka ny bostad hos Sk\u00f6vdebost\u00e4der inom sex m\u00e5nader fr\u00e5n ditt inflyttningsdatum. Du ska utan anmodan fr\u00e5n Sk\u00f6vdebost\u00e4der <strong>sj\u00e4lv s\u00e4ga upp ditt studentkontrakt n\u00e4r studierna avslutas<\/strong>.<\/p><p>Att l\u00e4sa distansstudier vid H\u00f6gskolan i Sk\u00f6vde eller annat l\u00e4ros\u00e4te r\u00e4knas inte som sk\u00e4l f\u00f6r att hyra en studentl\u00e4genhet.\u00a0<\/p>\t\t\t\t\t\t\t\t<\/div>\n\t\t\t\t<\/div>\n\t\t\t\t<div class=\"elementor-element elementor-element-fd255ac elementor-repeater-item-none elementor-repeater-item-none_hover elementor-widget elementor-widget-heading\" data-id=\"fd255ac\" data-element_type=\"widget\" data-e-type=\"widget\" data-widget_type=\"heading.default\">\n\t\t\t\t<div class=\"elementor-widget-container\">\n\t\t\t\t\t<h2 class=\"elementor-heading-title elementor-size-medium\">Studiekrav och kontroller\n<\/h2>\t\t\t\t<\/div>\n\t\t\t\t<\/div>\n\t\t\t\t<div class=\"elementor-element elementor-element-ac95896 elementor-repeater-item-none elementor-repeater-item-none_hover elementor-widget elementor-widget-text-editor\" data-id=\"ac95896\" data-element_type=\"widget\" data-e-type=\"widget\" data-widget_type=\"text-editor.default\">\n\t\t\t\t<div class=\"elementor-widget-container\">\n\t\t\t\t\t\t\t\t\t<p>Studiekravet f\u00f6r att hyra en studentl\u00e4genhet \u00e4r ett godk\u00e4nt studieresultat p\u00e5 H\u00f6gskolan i Sk\u00f6vde p\u00e5 minst 15 h\u00f6gskolepo\u00e4ng per termin. Motsvarande krav f\u00f6r doktorander \u00e4r en aktivitetsgrad p\u00e5 minst 50 procent per termin.<\/p><p>Studiekontroller genomf\u00f6rs en g\u00e5ng per termin f\u00f6r att kontrollera att du fortfarande \u00e4r student och uppfyller studiekravet.<\/p><p><span style=\"font-size: 17.6px;\">Det finns vissa omst\u00e4ndigheter som kan ge dig dispens om du ans\u00f6ker om det hos Sk\u00f6vdebost\u00e4der. <a href=\"https:\/\/skovdebostader.sharepoint.com\/:b:\/s\/Dokument\/EeidxCLrB-pDkWP_K3yC1j8BDaMOIA6n-dLODPBfeAfiQw?e=TScaBC\">Du fyller i blanketten f\u00f6r ans\u00f6kan om dispens<\/a> och skickar den till uthyrning@skovdebostader.se<\/span><\/p>\t\t\t\t\t\t\t\t<\/div>\n\t\t\t\t<\/div>\n\t\t\t\t<div class=\"elementor-element elementor-element-f14a194 elementor-repeater-item-none elementor-repeater-item-none_hover elementor-widget elementor-widget-button\" data-id=\"f14a194\" data-element_type=\"widget\" data-e-type=\"widget\" data-widget_type=\"button.default\">\n\t\t\t\t<div class=\"elementor-widget-container\">\n\t\t\t\t\t\t\t\t\t<div class=\"elementor-button-wrapper\">\n\t\t\t\t\t<a class=\"elementor-button elementor-button-link elementor-size-sm\" href=\"https:\/\/skovdebostader.sharepoint.com\/:b:\/s\/Dokument\/EeidxCLrB-pDkWP_K3yC1j8BDaMOIA6n-dLODPBfeAfiQw?e=TScaBC\">\n\t\t\t\t\t\t<span class=\"elementor-button-content-wrapper\">\n\t\t\t\t\t\t<span class=\"elementor-button-icon\">\n\t\t\t\t<i aria-hidden=\"true\" class=\"fal fa-file-pdf\"><\/i>\t\t\t<\/span>\n\t\t\t\t\t\t\t\t\t<span class=\"elementor-button-text\">Ans\u00f6kan om dispens<\/span>\n\t\t\t\t\t<\/span>\n\t\t\t\t\t<\/a>\n\t\t\t\t<\/div>\n\t\t\t\t\t\t\t\t<\/div>\n\t\t\t\t<\/div>\n\t\t\t\t<div class=\"elementor-element elementor-element-1dbc288 elementor-repeater-item-none elementor-repeater-item-none_hover elementor-widget elementor-widget-text-editor\" data-id=\"1dbc288\" data-element_type=\"widget\" data-e-type=\"widget\" data-widget_type=\"text-editor.default\">\n\t\t\t\t<div class=\"elementor-widget-container\">\n\t\t\t\t\t\t\t\t\t<p><em>Sk\u00f6vdebost\u00e4der reserverar sig f\u00f6r att hanteringen av studentbostadsk\u00f6n med tiden kan \u00e4ndras.<\/em><\/p><p>Senaste uppdateringen 2024-01-10<\/p>\t\t\t\t\t\t\t\t<\/div>\n\t\t\t\t<\/div>\n\t\t\t\t<div class=\"elementor-element elementor-element-2525599 elementor-repeater-item-none elementor-repeater-item-none_hover elementor-widget elementor-widget-button\" data-id=\"2525599\" data-element_type=\"widget\" data-e-type=\"widget\" data-widget_type=\"button.default\">\n\t\t\t\t<div class=\"elementor-widget-container\">\n\t\t\t\t\t\t\t\t\t<div class=\"elementor-button-wrapper\">\n\t\t\t\t\t<a class=\"elementor-button elementor-button-link elementor-size-sm\" href=\"https:\/\/www.skovdebostader.se\/wp-content\/uploads\/2024\/03\/skovdebostaders-regler-kring-studentuthyrning-240318.pdf\">\n\t\t\t\t\t\t<span class=\"elementor-button-content-wrapper\">\n\t\t\t\t\t\t<span class=\"elementor-button-icon\">\n\t\t\t\t<i aria-hidden=\"true\" class=\"fal fa-file-pdf\"><\/i>\t\t\t<\/span>\n\t\t\t\t\t\t\t\t\t<span class=\"elementor-button-text\">Utf\u00f6rliga regler f\u00f6r studentuthyrning<\/span>\n\t\t\t\t\t<\/span>\n\t\t\t\t\t<\/a>\n\t\t\t\t<\/div>\n\t\t\t\t\t\t\t\t<\/div>\n\t\t\t\t<\/div>\n\t\t\t\t<div class=\"elementor-element elementor-element-f5af5b9 elementor-widget-divider--view-line elementor-repeater-item-none elementor-repeater-item-none_hover elementor-widget elementor-widget-divider\" data-id=\"f5af5b9\" data-element_type=\"widget\" data-e-type=\"widget\" data-widget_type=\"divider.default\">\n\t\t\t\t<div class=\"elementor-widget-container\">\n\t\t\t\t\t\t\t<div class=\"elementor-divider\">\n\t\t\t<span class=\"elementor-divider-separator\">\n\t\t\t\t\t\t<\/span>\n\t\t<\/div>\n\t\t\t\t\t\t<\/div>\n\t\t\t\t<\/div>\n\t\t\t\t<div class=\"elementor-element elementor-element-1264758 elementor-repeater-item-none elementor-repeater-item-none_hover elementor-widget elementor-widget-heading\" data-id=\"1264758\" data-element_type=\"widget\" data-e-type=\"widget\" data-widget_type=\"heading.default\">\n\t\t\t\t<div class=\"elementor-widget-container\">\n\t\t\t\t\t<h2 class=\"elementor-heading-title elementor-size-default\">Information in english<\/h2>\t\t\t\t<\/div>\n\t\t\t\t<\/div>\n\t\t\t\t<div class=\"elementor-element elementor-element-14e8a5e elementor-repeater-item-none elementor-repeater-item-none_hover elementor-widget elementor-widget-text-editor\" data-id=\"14e8a5e\" data-element_type=\"widget\" data-e-type=\"widget\" data-widget_type=\"text-editor.default\">\n\t\t\t\t<div class=\"elementor-widget-container\">\n\t\t\t\t\t\t\t\t\t<p>A small amount of the information regarding\u00a0 student housing is available in English. Please use your favourite translater service for the rest. Below is a link to a description on how the registration process for student housing works.\u00a0<\/p>\t\t\t\t\t\t\t\t<\/div>\n\t\t\t\t<\/div>\n\t\t\t\t<div class=\"elementor-element elementor-element-0c7e45d elementor-repeater-item-none elementor-repeater-item-none_hover elementor-widget elementor-widget-button\" data-id=\"0c7e45d\" data-element_type=\"widget\" data-e-type=\"widget\" data-widget_type=\"button.default\">\n\t\t\t\t<div class=\"elementor-widget-container\">\n\t\t\t\t\t\t\t\t\t<div class=\"elementor-button-wrapper\">\n\t\t\t\t\t<a class=\"elementor-button elementor-button-link elementor-size-md\" href=\"https:\/\/www.skovdebostader.se\/how-to-apply-for-student-housing\">\n\t\t\t\t\t\t<span class=\"elementor-button-content-wrapper\">\n\t\t\t\t\t\t\t\t\t<span class=\"elementor-button-text\">How to apply for student housing<\/span>\n\t\t\t\t\t<\/span>\n\t\t\t\t\t<\/a>\n\t\t\t\t<\/div>\n\t\t\t\t\t\t\t\t<\/div>\n\t\t\t\t<\/div>\n\t\t\t\t\t<\/div>\n\t\t<\/main>\n\t\t\t\t<aside class=\"elementor-column elementor-col-50 elementor-top-column elementor-element elementor-element-bbc9029 elementor-repeater-item-none elementor-repeater-item-none_hover\" data-id=\"bbc9029\" data-element_type=\"column\" data-e-type=\"column\">\n\t\t\t<div class=\"elementor-widget-wrap elementor-element-populated\">\n\t\t\t\t\t\t<div class=\"elementor-element elementor-element-18a9cea external_elementor-repeater-item-none_external elementor-repeater-item-none elementor-repeater-item-none_hover elementor-widget elementor-widget-image\" data-id=\"18a9cea\" data-element_type=\"widget\" data-e-type=\"widget\" data-widget_type=\"image.default\">\n\t\t\t\t<div class=\"elementor-widget-container\">\n\t\t\t\t\t\t\t\t\t\t\t\t\t\t\t<webien-image class=\" has-thumb ratio-original\">\r\n\t<img loading=\"lazy\" decoding=\"async\" src=\"https:\/\/c1.webien.cloud\/pixel.webp\" width=\"1500\" height=\"1018\" data-srcset=\"https:\/\/www.skovdebostader.se\/wp-content\/uploads\/2021\/02\/vardagsrum.jpg\" data-original=\"https:\/\/www.skovdebostader.se\/wp-content\/uploads\/2021\/02\/vardagsrum.jpg\" data-optimize=\"1\" data-useoriginal=\"0\" data-ratio=\"none\" data-sizes=\"auto\" data-focus=\"attention\" class=\"main lazyload\" title=\"vardagsrum\" alt=\"ungdomar\" \/>\r\n\t\r\n\t<img loading=\"lazy\" decoding=\"async\" width=\"1500\" height=\"1018\" src=\"https:\/\/wrooom.webien.io\/eyJpbWFnZVVybCI6Imh0dHBzOi8vd3d3LnNrb3ZkZWJvc3RhZGVyLnNlL3dwLWNvbnRlbnQvdXBsb2Fkcy8yMDIxLzAyL3ZhcmRhZ3NydW0uanBnIiwicHVibGljS2V5Ijoibm9LZXkiLCJlZGl0cyI6eyJyZXNpemUiOnsid2lkdGgiOjE1MCwiaGVpZ2h0IjoxNTAsImZpdCI6Imluc2lkZSIsInBvc2l0aW9uIjoiYXR0ZW50aW9uIiwid2l0aG91dEVubGFyZ2VtZW50Ijp0cnVlfSwiYmx1ciI6MTJ9fQ==\" class=\"thumb\" \/>\r\n\t<\/webien-image>\t\t\t\t\t\t\t\t\t\t\t\t\t\t\t<\/div>\n\t\t\t\t<\/div>\n\t\t\t\t\t<\/div>\n\t\t<\/aside>\n\t\t\t\t\t<\/div>\n\t\t<\/section>\n\t\t\t\t<\/div>\n\t\t","protected":false},"excerpt":{"rendered":"<p>S\u00e5 funkar studentbostadsk\u00f6n S\u00e5 fungerar studentbostadsk\u00f6n Sk\u00f6vdebost\u00e4ders studentl\u00e4genheter hyrs ut via en s\u00e4rskild studentbostadsk\u00f6 och endast till personer som \u00e4r antagna vid H\u00f6gskolan i Sk\u00f6vde. F\u00f6r att f\u00e5 skriva och inneha ett studentbostadskontrakt hos Sk\u00f6vdebost\u00e4der m\u00e5ste du ha f\u00e5tt ditt antagningsbesked p\u00e5 minst 15 h\u00f6gskolepo\u00e4ng per termin. Om du ans\u00f6kt men \u00e4nnu inte blivit antagen [&hellip;]<\/p>\n","protected":false},"author":1,"featured_media":0,"parent":0,"menu_order":127,"comment_status":"closed","ping_status":"closed","template":"","meta":{"_acf_changed":false,"_relevanssi_hide_post":"","_relevanssi_hide_content":"","_relevanssi_pin_for_all":"","_relevanssi_pin_keywords":"","_relevanssi_unpin_keywords":"","_relevanssi_related_keywords":"","_relevanssi_related_include_ids":"","_relevanssi_related_exclude_ids":"","_relevanssi_related_no_append":"","_relevanssi_related_not_related":"","_relevanssi_related_posts":"","_relevanssi_noindex_reason":"","footnotes":""},"class_list":["post-76789","page","type-page","status-publish","hentry"],"acf":[],"_links":{"self":[{"href":"https:\/\/www.skovdebostader.se\/student\/wp-json\/wp\/v2\/pages\/76789","targetHints":{"allow":["GET"]}}],"collection":[{"href":"https:\/\/www.skovdebostader.se\/student\/wp-json\/wp\/v2\/pages"}],"about":[{"href":"https:\/\/www.skovdebostader.se\/student\/wp-json\/wp\/v2\/types\/page"}],"author":[{"embeddable":true,"href":"https:\/\/www.skovdebostader.se\/student\/wp-json\/wp\/v2\/users\/1"}],"replies":[{"embeddable":true,"href":"https:\/\/www.skovdebostader.se\/student\/wp-json\/wp\/v2\/comments?post=76789"}],"version-history":[{"count":10,"href":"https:\/\/www.skovdebostader.se\/student\/wp-json\/wp\/v2\/pages\/76789\/revisions"}],"predecessor-version":[{"id":137499,"href":"https:\/\/www.skovdebostader.se\/student\/wp-json\/wp\/v2\/pages\/76789\/revisions\/137499"}],"wp:attachment":[{"href":"https:\/\/www.skovdebostader.se\/student\/wp-json\/wp\/v2\/media?parent=76789"}],"curies":[{"name":"wp","href":"https:\/\/api.w.org\/{rel}","templated":true}]}}